{"id":829,"date":"2025-07-04T00:00:09","date_gmt":"2025-07-04T00:00:09","guid":{"rendered":"https:\/\/investigatumente.com\/?page_id=829"},"modified":"2025-10-03T07:40:40","modified_gmt":"2025-10-03T07:40:40","slug":"conoceme","status":"publish","type":"page","link":"https:\/\/investigatumente.com\/gl\/conoceme\/","title":{"rendered":"Co\u00f1\u00e9ceme"},"content":{"rendered":"<div id=\"wp-block-themeisle-blocks-advanced-columns-de58857b\" class=\"wp-block-themeisle-blocks-advanced-columns alignfull has-1-columns has-desktop-equal-layout hide-in-tablet hide-in-mobile has-vertical-unset\"><div class=\"wp-block-themeisle-blocks-advanced-columns-overlay\"><\/div><div class=\"innerblocks-wrap\">\n<div id=\"wp-block-themeisle-blocks-advanced-column-f2953736\" class=\"wp-block-themeisle-blocks-advanced-column\">\n<h1 id=\"wp-block-themeisle-blocks-advanced-heading-c0b67f5b\" class=\"wp-block-themeisle-blocks-advanced-heading wp-block-themeisle-blocks-advanced-heading-c0b67f5b\">CO\u00d1\u00c9CEME<\/h1>\n<\/div>\n<\/div><\/div>\n\n\n\n<div id=\"wp-block-themeisle-blocks-advanced-columns-2a495571\" class=\"wp-block-themeisle-blocks-advanced-columns alignfull has-1-columns has-tablet-equal-layout has-mobile-equal-layout hide-in-desktop has-vertical-unset\"><div class=\"wp-block-themeisle-blocks-advanced-columns-overlay\"><\/div><div class=\"innerblocks-wrap\">\n<div id=\"wp-block-themeisle-blocks-advanced-column-96ee4213\" class=\"wp-block-themeisle-blocks-advanced-column\">\n<h1 id=\"wp-block-themeisle-blocks-advanced-heading-8dbdd013\" class=\"wp-block-themeisle-blocks-advanced-heading wp-block-themeisle-blocks-advanced-heading-8dbdd013\">CO\u00d1\u00c9CEME<\/h1>\n<\/div>\n<\/div><\/div>\n\n\n\n<div class=\"wp-block-columns is-layout-flex wp-container-core-columns-is-layout-5e0920dc wp-block-columns-is-layout-flex\" style=\"padding-top:80px;padding-bottom:35px\">\n<div class=\"wp-block-column is-vertically-aligned-center is-layout-flow wp-block-column-is-layout-flow\" style=\"flex-basis:33.33%\"><div class=\"wp-block-image is-style-default\">\n<figure class=\"aligncenter size-large is-resized has-custom-border\"><img loading=\"lazy\" decoding=\"async\" width=\"1919\" height=\"2560\" src=\"https:\/\/investigatumente.com\/wp-content\/uploads\/2025\/07\/ESTRELLA71616-edited-scaled.jpg\" alt=\"\" class=\"wp-image-1047\" style=\"border-radius:24px;aspect-ratio:0.5625;object-fit:cover;width:351px;height:auto\" srcset=\"https:\/\/investigatumente.com\/wp-content\/uploads\/2025\/07\/ESTRELLA71616-edited-scaled.jpg 1919w, https:\/\/investigatumente.com\/wp-content\/uploads\/2025\/07\/ESTRELLA71616-edited-225x300.jpg 225w, https:\/\/investigatumente.com\/wp-content\/uploads\/2025\/07\/ESTRELLA71616-edited-768x1025.jpg 768w, https:\/\/investigatumente.com\/wp-content\/uploads\/2025\/07\/ESTRELLA71616-edited-1151x1536.jpg 1151w, https:\/\/investigatumente.com\/wp-content\/uploads\/2025\/07\/ESTRELLA71616-edited-1535x2048.jpg 1535w\" sizes=\"auto, (max-width: 1919px) 100vw, 1919px\" \/><\/figure>\n<\/div><\/div>\n\n\n\n<div class=\"wp-block-column is-vertically-aligned-center is-layout-flow wp-block-column-is-layout-flow\" style=\"padding-top:0;padding-bottom:0;flex-basis:66.66%\">\n<h2 class=\"wp-block-heading has-text-align-center\">Son <mark style=\"background-color:rgba(0, 0, 0, 0)\" class=\"has-inline-color has-neve-link-color-color\">Estrella Rebordelo<\/mark><\/h2>\n\n\n\n<p class=\"ticss-363872f3 has-medium-font-size\">A los 9 a\u00f1os me regalaron un diario. Por aqu\u00e9lla \u00e9poca ya me tomaba las cosas muy en serio y no pude evitar sentirme comprometida con escribir todos los d\u00edas, aunque fuese un poquito. Este h\u00e1bito se fue refinando con el tiempo, convirti\u00e9ndose en una herramienta de introspecci\u00f3n.<\/p>\n\n\n\n<p class=\"ticss-f9ceb266 has-medium-font-size\">Durante las comidas familiares me dedicaba a escuchar activamente las conversaciones de los adultos, intentando entender cu\u00e1l era el punto en el que no se comprend\u00edan y c\u00f3mo poder hacer posible ese entendimiento mutuo. Observaba atentamente la etolog\u00eda humana con mucha curiosidad y consciencia, como una herramienta de autoconocimiento y mejora como ser humano, intentando escudri\u00f1ar el funcionamiento de la mente.<\/p>\n\n\n\n<p class=\"ticss-0ae5c48b has-medium-font-size\">Estas fueron, sin saberlo, mis primeras pr\u00e1cticas relacionadas con mi mayor pasi\u00f3n en la vida: ayudar a personas a entenderse a s\u00ed mismas y a los dem\u00e1s para sanar.<\/p>\n<\/div>\n<\/div>\n\n\n\n<div id=\"wp-block-themeisle-blocks-advanced-columns-2d9c107f\" class=\"wp-block-themeisle-blocks-advanced-columns alignfull has-1-columns has-desktop-equal-layout has-tablet-equal-layout has-mobile-collapsedRows-layout has-vertical-unset has-light-bg\"><div class=\"wp-block-themeisle-blocks-advanced-columns-overlay\"><\/div><div class=\"innerblocks-wrap\">\n<div id=\"wp-block-themeisle-blocks-advanced-column-55304cde\" class=\"wp-block-themeisle-blocks-advanced-column\">\n<div id=\"wp-block-themeisle-blocks-icon-list-9c3ec765\" class=\"wp-block-themeisle-blocks-icon-list is-style-horizontal\">\n<div id=\"wp-block-themeisle-blocks-icon-list-item-16fa86a8\" class=\"wp-block-themeisle-blocks-icon-list-item\"><i class=\"fas fa-assistive-listening-systems wp-block-themeisle-blocks-icon-list-item-icon-custom\"><\/i><p class=\"wp-block-themeisle-blocks-icon-list-item-content-custom\"><strong>ESCOITA ACTIVA<\/strong><\/p><\/div>\n\n\n\n<div id=\"wp-block-themeisle-blocks-icon-list-item-592c038f\" class=\"wp-block-themeisle-blocks-icon-list-item\"><i class=\"fas fa-yin-yang wp-block-themeisle-blocks-icon-list-item-icon-custom\"><\/i><p class=\"wp-block-themeisle-blocks-icon-list-item-content-custom\"><strong>ESPACIO SEGURO<\/strong><\/p><\/div>\n\n\n\n<div id=\"wp-block-themeisle-blocks-icon-list-item-bfcfc5e0\" class=\"wp-block-themeisle-blocks-icon-list-item\"><i class=\"fas fa-universal-access wp-block-themeisle-blocks-icon-list-item-icon-custom\"><\/i><p class=\"wp-block-themeisle-blocks-icon-list-item-content-custom\"><strong>COMPROMISO<\/strong><\/p><\/div>\n\n\n\n<div id=\"wp-block-themeisle-blocks-icon-list-item-60eebbb0\" class=\"wp-block-themeisle-blocks-icon-list-item\"><i class=\"fas fa-bolt wp-block-themeisle-blocks-icon-list-item-icon-custom\"><\/i><p class=\"wp-block-themeisle-blocks-icon-list-item-content-custom\"><strong>MIRADA MULTIDISCIPLINAR<\/strong><\/p><\/div>\n<\/div>\n<\/div>\n<\/div><\/div>","protected":false},"excerpt":{"rendered":"<p>Soy Estrella Rebordelo A los 9 a\u00f1os me regalaron un diario. Por aqu\u00e9lla \u00e9poca ya me tomaba las cosas muy en serio y no pude evitar sentirme comprometida con escribir todos los d\u00edas, aunque fuese un poquito. Este h\u00e1bito se fue refinando con el tiempo, convirti\u00e9ndose en una herramienta de introspecci\u00f3n. Durante las comidas familiares&hellip;&nbsp;<a href=\"https:\/\/investigatumente.com\/gl\/conoceme\/\" rel=\"bookmark\">Ler m\u00e1is &raquo;<span class=\"screen-reader-text\">Co\u00f1\u00e9ceme<\/span><\/a><\/p>","protected":false},"author":1,"featured_media":0,"parent":0,"menu_order":0,"comment_status":"closed","ping_status":"closed","template":"","meta":{"neve_meta_sidebar":"","neve_meta_container":"","neve_meta_enable_content_width":"","neve_meta_content_width":0,"neve_meta_title_alignment":"","neve_meta_author_avatar":"","neve_post_elements_order":"","neve_meta_disable_header":"off","neve_meta_disable_footer":"","neve_meta_disable_title":"on","_themeisle_gutenberg_block_has_review":false,"footnotes":""},"class_list":["post-829","page","type-page","status-publish","hentry"],"_links":{"self":[{"href":"https:\/\/investigatumente.com\/gl\/wp-json\/wp\/v2\/pages\/829","targetHints":{"allow":["GET"]}}],"collection":[{"href":"https:\/\/investigatumente.com\/gl\/wp-json\/wp\/v2\/pages"}],"about":[{"href":"https:\/\/investigatumente.com\/gl\/wp-json\/wp\/v2\/types\/page"}],"author":[{"embeddable":true,"href":"https:\/\/investigatumente.com\/gl\/wp-json\/wp\/v2\/users\/1"}],"replies":[{"embeddable":true,"href":"https:\/\/investigatumente.com\/gl\/wp-json\/wp\/v2\/comments?post=829"}],"version-history":[{"count":62,"href":"https:\/\/investigatumente.com\/gl\/wp-json\/wp\/v2\/pages\/829\/revisions"}],"predecessor-version":[{"id":1477,"href":"https:\/\/investigatumente.com\/gl\/wp-json\/wp\/v2\/pages\/829\/revisions\/1477"}],"wp:attachment":[{"href":"https:\/\/investigatumente.com\/gl\/wp-json\/wp\/v2\/media?parent=829"}],"curies":[{"name":"wp","href":"https:\/\/api.w.org\/{rel}","templated":true}]}}