{"id":325,"date":"2025-05-26T17:42:08","date_gmt":"2025-05-26T17:42:08","guid":{"rendered":"http:\/\/investigatumente.com\/?page_id=325"},"modified":"2025-11-19T12:08:39","modified_gmt":"2025-11-19T12:08:39","slug":"aviso-legal","status":"publish","type":"page","link":"https:\/\/investigatumente.com\/gl\/aviso-legal\/","title":{"rendered":"AVISO LEGAL"},"content":{"rendered":"<p>En cumplimiento de lo dispuesto en el art\u00edculo 10 de la Ley 34\/2002, de 11 de julio, de servicios de la sociedad de la informaci\u00f3n (LSSI), se da a conocer la siguiente informaci\u00f3n general:<\/p>\n\n\n\n<p>Que el dominio www.investigatumente.com, a partir de ahora \u201csitio web\u201d, est\u00e1 registrado a nombre de Investiga tu Mente S.L.<\/p>\n\n\n\n<p>Su direcci\u00f3n de contacto es la direcci\u00f3n de correo electr\u00f3nico&nbsp;<a href=\"mailto:investigatumente@gmail.com\">investigatumente@gmail.com<\/a>.<\/p>\n\n\n\n<p><strong>CONDICIONES DE USO<\/strong><\/p>\n\n\n\n<p><strong>I. Personas usuarias<\/strong><\/p>\n\n\n\n<p>El acceso al sitio web y su uso atribuye a quien lo realiza la condici\u00f3n de persona usuaria, quien acepta, desde ese mismo momento, plenamente y sin reserva alguna, las presentes condiciones generales, as\u00ed como las condiciones particulares que, en su caso, complementen, modifiquen o sustituyan las condiciones generales en relaci\u00f3n con determinados servicios y contenidos del sitio web.<\/p>\n\n\n\n<p><strong>II. Uso del sitio web, sus servicios y contenidos<\/strong><\/p>\n\n\n\n<p>La persona usuaria se compromete a utilizar el sitio web y sus servicios y contenidos sin contravenir la legislaci\u00f3n vigente, la buena fe, los usos generalmente aceptados y el orden p\u00fablico.<\/p>\n\n\n\n<p>Asimismo, queda prohibido el uso del sitio web con fines il\u00edcitos o lesivos contra LA SOCIEDAD TITULAR o cualquier tercero, o que, de cualquier forma, puedan causar perjuicio o impedir el normal funcionamiento del sitio web.<\/p>\n\n\n\n<p>Respecto de los contenidos (informaciones, textos, gr\u00e1ficos, archivos de sonido o imagen, fotograf\u00edas, dise\u00f1os, etc.), se proh\u00edbe:<\/p>\n\n\n\n<ul class=\"wp-block-list\">\n<li>Su reproducci\u00f3n, distribuci\u00f3n o modificaci\u00f3n, a menos que se cuente con la autorizaci\u00f3n de sus leg\u00edtimos\/as titulares o resulte legalmente permitido.<\/li>\n\n\n\n<li>Cualquier vulneraci\u00f3n de los derechos de LA SOCIEDAD  TITULAR o de sus leg\u00edtimos\/as titulares sobre los mismos.<\/li>\n\n\n\n<li>Su utilizaci\u00f3n para todo tipo de fines comerciales o publicitarios, distintos de los estrictamente permitidos.<\/li>\n\n\n\n<li>Cualquier intento de obtener los contenidos del sitio web por cualquier medio distinto de los que se pongan a disposici\u00f3n de las personas usuarias, as\u00ed como de los que habitualmente se empleen en la red, siempre que no causen perjuicio alguno al sitio web.<\/li>\n<\/ul>\n\n\n\n<p><strong>III. Modificaci\u00f3n unilateral<\/strong><\/p>\n\n\n\n<p>LA SOCIEDAD TITULAR podr\u00e1 modificar unilateralmente y sin previo aviso, siempre que lo considere oportuno, la estructura y dise\u00f1o del sitio web, as\u00ed como modificar o eliminar los servicios, los contenidos y las condiciones de acceso al sitio web y su uso.<\/p>\n\n\n\n<p><strong>IV. Hiperenlaces<\/strong><\/p>\n\n\n\n<p>El establecimiento de cualquier hiperenlace entre una p\u00e1gina web y el sitio web estar\u00e1 sometido a las siguientes condiciones:<\/p>\n\n\n\n<ul class=\"wp-block-list\">\n<li>No se permite la reproducci\u00f3n total ni parcial de ninguno de los servicios ni contenidos del sitio web.<\/li>\n\n\n\n<li>Salvo consentimiento previo y expreso, la p\u00e1gina web en la que se establezca el hiperenlace no contendr\u00e1 ninguna marca, nombre comercial, r\u00f3tulo de establecimiento, denominaci\u00f3n, logotipo, eslogan u otros signos distintivos pertenecientes a LA SOCIEDAD TITULAR.<\/li>\n\n\n\n<li>En ninguna circunstancia LA SOCIEDAD TITULAR ser\u00e1 responsable de los contenidos o servicios puestos a disposici\u00f3n del p\u00fablico en la p\u00e1gina web desde la que se realice el hiperenlace ni de las informaciones y manifestaciones incluidas en la misma.<\/li>\n<\/ul>\n\n\n\n<p><strong>V. Exclusi\u00f3n de garant\u00edas y responsabilidad<\/strong><\/p>\n\n\n\n<p>LA SOCIEDAD  TITULAR no otorga ninguna garant\u00eda ni se hace responsable, en ning\u00fan caso, de los da\u00f1os y perjuicios de cualquier naturaleza que pudieran traer causa de:<\/p>\n\n\n\n<ul class=\"wp-block-list\">\n<li>La falta de disponibilidad, mantenimiento y efectivo funcionamiento del sitio web o de sus servicios o contenidos.<\/li>\n\n\n\n<li>La falta de utilidad, adecuaci\u00f3n o validez del sitio web o de sus servicios o contenidos para satisfacer necesidades, actividades o resultados concretos o expectativas de las personas usuarias.<\/li>\n\n\n\n<li>La existencia de virus o programas maliciosos o lesivos en los contenidos.<\/li>\n\n\n\n<li>La recepci\u00f3n, obtenci\u00f3n, almacenamiento, difusi\u00f3n o transmisi\u00f3n, por parte de las personas usuarias, de los contenidos.<\/li>\n\n\n\n<li>El uso il\u00edcito, negligente, fraudulento, contrario al presente aviso legal, a la buena fe, a los usos generalmente aceptados o al orden p\u00fablico, del sitio web y sus servicios o contenidos por parte de las personas usuarias.<\/li>\n\n\n\n<li>La falta de licitud, calidad, fiabilidad, utilidad y disponibilidad de los servicios prestados por terceros y puestos a disposici\u00f3n de las personas usuarias en el sitio web.<\/li>\n\n\n\n<li>El incumplimiento por parte de terceros de sus obligaciones o compromisos en relaci\u00f3n con los servicios prestados a las personas usuarias a trav\u00e9s del sitio web.<\/li>\n<\/ul>\n\n\n\n<p><strong>VI. Duraci\u00f3n<\/strong><\/p>\n\n\n\n<p>La duraci\u00f3n de la prestaci\u00f3n del servicio del sitio web y de los servicios es de car\u00e1cter indefinido. Sin perjuicio de lo anterior, LA SOCIEDAD TITULAR se reserva el derecho de interrumpir, suspender o terminar la prestaci\u00f3n del servicio del sitio web, o de cualquiera de los servicios que lo integran, en los mismos t\u00e9rminos que se recogen en la condici\u00f3n tercera.<\/p>\n\n\n\n<p><strong>VII. Legislaci\u00f3n aplicable y jurisdicci\u00f3n<\/strong><\/p>\n\n\n\n<p>El presente aviso legal se regir\u00e1 por la legislaci\u00f3n espa\u00f1ola. LA SOCIEDAD y la persona usuaria, con renuncia expresa a cualquier otro fuero que pudiera corresponderles, se someten a la jurisdicci\u00f3n de los juzgados y tribunales del domicilio de la persona usuaria para cuantas cuestiones pudieran suscitarse o acciones ejercitarse derivadas de la prestaci\u00f3n del servicio del sitio web y de sus servicios y contenidos, y sobre la interpretaci\u00f3n, aplicaci\u00f3n, cumplimiento o incumplimiento de lo aqu\u00ed establecido.<\/p>\n\n\n\n<p>En el supuesto de que la persona usuaria tenga su domicilio fuera de Espa\u00f1a, LA SOCIEDAD y la persona usuaria, con renuncia expresa a cualquier otro fuero que pudiera corresponderles, se someten a la jurisdicci\u00f3n de los juzgados y tribunales de Lugo.<\/p>\n\n\n\n<p><strong>USO DE <em>COOKIES<\/em><\/strong><\/p>\n\n\n\n<p>El sitio web de Mar\u00eda Estrella S\u00e1nchez Rebordelo puede utilizar <em>cookies<\/em> cuando una persona usuaria navega por los sitios y p\u00e1ginas web del sitio web. Las <em>cookies<\/em> utilizadas por el sitio web se asocian \u00fanicamente con una persona usuaria an\u00f3nima y su ordenador y no proporcionan por s\u00ed mismas el nombre y apellidos de la persona usuaria. Gracias a las <em>cookies<\/em>, resulta posible reconocer a las personas usuarias registradas despu\u00e9s de que estas se hayan registrado por primera vez, sin que tengan que registrarse en cada visita para acceder a las \u00e1reas y servicios reservados exclusivamente para ellas. Las <em>cookies<\/em> utilizadas no pueden leer datos de su disco duro ni leer los archivos <em>cookie<\/em> creados por otros proveedores. Los datos identificativos de la persona usuaria son cifrados para mayor seguridad.<\/p>\n\n\n\n<p>La persona usuaria tiene la posibilidad de configurar su navegador para ser avisado en pantalla de la recepci\u00f3n de <em>cookies<\/em> y para impedir su instalaci\u00f3n en su disco duro. Consulte las instrucciones y manuales de su navegador para ampliar esta informaci\u00f3n. Para utilizar el sitio web, no resulta necesario que la persona usuaria permita la instalaci\u00f3n de las <em>cookies<\/em> enviadas por el sitio web, sin perjuicio de que en tal caso ser\u00e1 necesario que la persona usuaria se registre como tal en cada uno de los servicios cuya prestaci\u00f3n requiera el previo registro.<\/p>\n\n\n\n<p>De igual manera, mis servidores web detectan de manera autom\u00e1tica la direcci\u00f3n IP y el nombre de dominio utilizados por la persona usuaria. Toda esta informaci\u00f3n se registra en un fichero de actividad del servidor que permite el posterior procesamiento de los datos con el fin de obtener mediciones estad\u00edsticas que me permitan conocer el n\u00famero de impresiones de p\u00e1ginas, el n\u00famero de visitas realizadas a mis servicios web, etc.<\/p>\n\n\n\n<p><strong>BAJA DE COMUNICACIONES COMERCIALES<\/strong><\/p>\n\n\n\n<p>De conformidad con la Ley 34\/2002 de servicios de la sociedad de la informaci\u00f3n, se garantiza a la persona usuaria la posibilidad de dejar de recibir informaci\u00f3n comercial en un plazo m\u00e1ximo de 10 d\u00edas desde que comunique su voluntad mediante correo electr\u00f3nico dirigido a&nbsp;<a href=\"mailto:investigatumente@gmail.com\">investigatumente@gmail.com<\/a>.<\/p>","protected":false},"excerpt":{"rendered":"<p>En cumplimiento de lo dispuesto en el art\u00edculo 10 de la Ley 34\/2002, de 11 de julio, de servicios de la sociedad de la informaci\u00f3n (LSSI), se da a conocer la siguiente informaci\u00f3n general: Que el dominio www.investigatumente.com, a partir de ahora \u201csitio web\u201d, est\u00e1 registrado a nombre de Investiga tu Mente S.L. Su direcci\u00f3n&hellip;&nbsp;<a href=\"https:\/\/investigatumente.com\/gl\/aviso-legal\/\" rel=\"bookmark\">Ler m\u00e1is &raquo;<span class=\"screen-reader-text\">AVISO LEGAL<\/span><\/a><\/p>","protected":false},"author":1,"featured_media":0,"parent":0,"menu_order":0,"comment_status":"closed","ping_status":"closed","template":"","meta":{"neve_meta_sidebar":"","neve_meta_container":"","neve_meta_enable_content_width":"","neve_meta_content_width":0,"neve_meta_title_alignment":"","neve_meta_author_avatar":"","neve_post_elements_order":"","neve_meta_disable_header":"","neve_meta_disable_footer":"","neve_meta_disable_title":"","_themeisle_gutenberg_block_has_review":false,"footnotes":""},"class_list":["post-325","page","type-page","status-publish","hentry"],"_links":{"self":[{"href":"https:\/\/investigatumente.com\/gl\/wp-json\/wp\/v2\/pages\/325","targetHints":{"allow":["GET"]}}],"collection":[{"href":"https:\/\/investigatumente.com\/gl\/wp-json\/wp\/v2\/pages"}],"about":[{"href":"https:\/\/investigatumente.com\/gl\/wp-json\/wp\/v2\/types\/page"}],"author":[{"embeddable":true,"href":"https:\/\/investigatumente.com\/gl\/wp-json\/wp\/v2\/users\/1"}],"replies":[{"embeddable":true,"href":"https:\/\/investigatumente.com\/gl\/wp-json\/wp\/v2\/comments?post=325"}],"version-history":[{"count":4,"href":"https:\/\/investigatumente.com\/gl\/wp-json\/wp\/v2\/pages\/325\/revisions"}],"predecessor-version":[{"id":1617,"href":"https:\/\/investigatumente.com\/gl\/wp-json\/wp\/v2\/pages\/325\/revisions\/1617"}],"wp:attachment":[{"href":"https:\/\/investigatumente.com\/gl\/wp-json\/wp\/v2\/media?parent=325"}],"curies":[{"name":"wp","href":"https:\/\/api.w.org\/{rel}","templated":true}]}}