{"id":319,"date":"2025-05-26T17:26:39","date_gmt":"2025-05-26T17:26:39","guid":{"rendered":"http:\/\/investigatumente.com\/?page_id=319"},"modified":"2026-01-14T08:52:46","modified_gmt":"2026-01-14T08:52:46","slug":"politica-de-privacidad","status":"publish","type":"page","link":"https:\/\/investigatumente.com\/gl\/politica-de-privacidad\/","title":{"rendered":"POL\u00cdTICA DE PRIVACIDAD"},"content":{"rendered":"<p>De conformidad con lo dispuesto en el Reglamento UE 2016\/679, del Parlamento Europeo y del Consejo del 27 de abril de 2016 (RGPD) y la Ley Org\u00e1nica 3\/2018, del 5 de diciembre, de Protecci\u00f3n de Datos Personales y garant\u00eda de los derechos digitales, Investiga tu mente S.L. le informa de que, mediante la aceptaci\u00f3n de esta pol\u00edtica de privacidad, presta su consentimiento expreso, informado, libre e inequ\u00edvoco para que los datos que proporcione, y sobre los que se aplican las medidas de seguridad, t\u00e9cnicas y organizativas previstas en la normativa vigente, sean tratados por Investiga tu mente S. L. como responsable del tratamiento.<\/p>\n\n\n\n<p>Los datos de car\u00e1cter personal que pudiese recabar directamente de la persona interesada a trav\u00e9s de este portal ser\u00e1n tratados de forma confidencial y quedar\u00e1n incorporados a la correspondiente actividad de tratamiento titularidad de Estrella Rebordelo<\/p>\n\n\n\n<p><strong>\u00bfQUI\u00c9N ES LA RESPONSABLE DE ESTA WEB?<\/strong><\/p>\n\n\n\n<ul class=\"wp-block-list\">\n<li>Identidad de la responsable: Estrella Rebordelo<\/li>\n\n\n\n<li>Correo electr\u00f3nico:&nbsp;<a href=\"mailto:investigatumente@gmail.com\">investigatumente@gmail.com<\/a><\/li>\n\n\n\n<li>P\u00e1gina web: <a href=\"http:\/\/investigatumente.com\/gl\/\">www.investigatumente.com<\/a><\/li>\n<\/ul>\n\n\n\n<p><strong>\u00bfQU\u00c9 DATOS PERSONALES SE RECOGEN EN ESTA WEB?<\/strong><\/p>\n\n\n\n<p>A trav\u00e9s del presente portal, \u00fanicamente trato los datos de car\u00e1cter personal que me facilite con la finalidad de remitirle la informaci\u00f3n solicitada o resolver las dudas o cuestiones que me plantee y, si as\u00ed lo ha consentido expresamente, de enviarle comunicaciones electr\u00f3nicas relativas a mis actividades o servicios.<\/p>\n\n\n\n<p>A tal efecto, y para cumplir con estas finalidades, es importante que me informe de cualquier modificaci\u00f3n que se produzca en sus datos personales a fin de mantenerlos actualizados. En caso contrario, no respondo de la veracidad de los mismos.<\/p>\n\n\n\n<p><strong>\u00bfCON QU\u00c9 FINALIDADES TRATAR\u00c9 SUS DATOS?<\/strong><\/p>\n\n\n\n<p>Trato los datos que me facilitan las personas interesadas con el fin de gestionar distintas actividades derivadas de procedimientos espec\u00edficos realizados en materia de venta de servicios, env\u00edo de comunicaciones comerciales, gesti\u00f3n de proveedores, calidad del servicio, etc.<\/p>\n\n\n\n<p>En cuanto a la base de legitimaci\u00f3n referenciada, usted se encuentra obligado\/a a facilitar sus datos personales; en el supuesto de que no facilite sus datos de car\u00e1cter personal, no ser\u00e1 posible ejecutar su contrato o cumplir las obligaciones legales.<\/p>\n\n\n\n<p>*Le informo de que no voy a elaborar perfiles comerciales con base en la informaci\u00f3n facilitada y, en consecuencia, tampoco tomar\u00e9 decisiones automatizadas sobre usted.<\/p>\n\n\n\n<p><strong>TIEMPO DE CONSERVACI\u00d3N DE LOS DATOS PERSONALES<\/strong><\/p>\n\n\n\n<p>Los datos personales facilitados se conservar\u00e1n durante el menor tiempo posible teniendo en cuenta los motivos por los que se necesita el tratamiento de los datos, as\u00ed como las obligaciones legales de conservar los datos durante un tiempo determinado, como la legislaci\u00f3n laboral, fiscal o de lucha contra el fraude, que exigen la conservaci\u00f3n de los datos personales durante un per\u00edodo determinado o mientras la persona interesada no retire su consentimiento.<\/p>\n\n\n\n<p>Posteriormente, los datos ser\u00e1n suprimidos conforme a lo dispuesto en la normativa de protecci\u00f3n de datos, lo que implica su bloqueo, estando disponibles tan solo a solicitud de jueces y tribunales, el Ministerio Fiscal o las administraciones p\u00fablicas competentes durante el plazo de prescripci\u00f3n de las acciones que pudieran derivar y, transcurrido este, ser\u00e1n eliminados por completo.<\/p>\n\n\n\n<p>El per\u00edodo de conservaci\u00f3n de los datos personales variar\u00e1 en funci\u00f3n del servicio que el cliente contrate.<\/p>\n\n\n\n<p>En cualquier caso, ser\u00e1 el m\u00ednimo necesario, pudiendo mantenerse hasta:<\/p>\n\n\n\n<ul class=\"wp-block-list\">\n<li>4 a\u00f1os: arts. 66 y ss. de la Ley General Tributaria (libros de contabilidad, etc.).<\/li>\n\n\n\n<li>5 a\u00f1os: art. 1964 del C\u00f3digo Civil (acciones personales sin plazo especial).<\/li>\n\n\n\n<li>6 a\u00f1os: art. 30 del C\u00f3digo de Comercio (libros de contabilidad, facturas, etc.).<\/li>\n\n\n\n<li>10 a\u00f1os: art. 25 de la Ley de Prevenci\u00f3n del Blanqueo de Capitales y Financiaci\u00f3n del Terrorismo. Datos de los suscriptores o de registro: desde que la persona usuaria da su consentimiento hasta que lo retira.<\/li>\n<\/ul>\n\n\n\n<p><strong>\u00bfCU\u00c1LES SON SUS DERECHOS EN LO QUE CONCIERNE AL USO DE SUS DATOS?<\/strong><\/p>\n\n\n\n<p>Cualquier persona tiene derecho a obtener confirmaci\u00f3n sobre c\u00f3mo trato datos personales que le conciernen o no.<\/p>\n\n\n\n<p>Las personas interesadas tienen derecho a:<\/p>\n\n\n\n<ul class=\"wp-block-list\">\n<li>Solicitar el acceso a los datos personales relativos a la persona interesada.<\/li>\n\n\n\n<li>Solicitar su rectificaci\u00f3n o supresi\u00f3n.<\/li>\n\n\n\n<li>Solicitar su cancelaci\u00f3n.<\/li>\n\n\n\n<li>Solicitar la limitaci\u00f3n de su tratamiento.<\/li>\n\n\n\n<li>Oponerse al tratamiento.<\/li>\n\n\n\n<li>Solicitar la portabilidad de los datos.<\/li>\n<\/ul>\n\n\n\n<p>Si ha otorgado su consentimiento para alguna finalidad concreta, tiene derecho a retirar el consentimiento otorgado en cualquier momento, sin que ello afecte a la licitud del tratamiento basado en el consentimiento previo a su retirada.<\/p>\n\n\n\n<p>En caso de que sienta vulnerados sus derechos en lo concerniente a la protecci\u00f3n de sus datos personales, especialmente cuando no haya obtenido satisfacci\u00f3n en el ejercicio de sus derechos, puede presentar una reclamaci\u00f3n ante la Autoridad de Control en materia de Protecci\u00f3n de Datos.<\/p>\n\n\n\n<p>Para ejercitar estos derechos, puede escribir a investigatumente@gmail.com. Los formularios tambi\u00e9n pueden ser presentados presencialmente o enviados por carta a la direcci\u00f3n de contacto de la responsable indicada anteriormente.<\/p>\n\n\n\n<p>Ser\u00e1 necesario aportar fotocopia del DNI o documento equivalente que acredite la identidad y sea considerado v\u00e1lido en derecho en aquellos supuestos en que la responsable del tratamiento tenga dudas sobre su identidad.<\/p>\n\n\n\n<p><strong>NOTIFICACI\u00d3N Y DECLARACI\u00d3N DE BRECHAS<\/strong><\/p>\n\n\n\n<p>Asumo medidas de seguridad adecuadas al nivel de riesgo para proteger la informaci\u00f3n personal contra la p\u00e9rdida, el uso indebido y el acceso no autorizado, su divulgaci\u00f3n, alteraci\u00f3n y destrucci\u00f3n, teniendo en cuenta los riesgos que conlleva el procesamiento y la naturaleza de la informaci\u00f3n personal; no obstante, si se determina que los datos personales que trato han sido malversados, se han visto expuestos por una brecha de seguridad o adquiridos de forma incorrecta por un tercero, se actuar\u00e1 de forma inmediata teniendo en cuenta lo establecido por el RGPD y la normativa nacional vigente y ante las autoridades de protecci\u00f3n de datos competentes.<\/p>\n\n\n\n<p><strong>\u00bfA QU\u00c9 DESTINATARIOS SE COMUNICAR\u00c1N SUS DATOS?<\/strong><\/p>\n\n\n\n<p>Para la realizaci\u00f3n de determinadas tareas estrictamente necesarias para el desarrollo de la actividad, Estrella  puede compartir datos con distintos proveedores de servicios externos, por ejemplo, la empresa de desarrollo y mantenimiento web o de <em>hosting<\/em>, servicios de procesamiento de pago, procesamiento de pedidos, gesti\u00f3n de campa\u00f1as de <em>marketing<\/em>, gesti\u00f3n de sitios web y distribuci\u00f3n de correo electr\u00f3nico, empresas de mensajer\u00eda y transporte, a fin de que estos puedan realizar funciones comerciales en nombre de Estrella .<\/p>\n\n\n\n<p>Todas ellas tendr\u00e1n firmado un contrato de prestaci\u00f3n de servicios que les obliga a mantener el mismo nivel de privacidad que se aplica a los tratamientos realizados en esta web conforme a la normativa de protecci\u00f3n de datos vigente.<\/p>\n\n\n\n<p><strong>SECRETO Y SEGURIDAD DE LOS DATOS<\/strong><\/p>\n\n\n\n<p>Estrella  se compromete al uso y tratamiento de los datos personales de las personas usuarias, respetando su confidencialidad, de acuerdo con la finalidad de aquellos, as\u00ed como a dar cumplimiento a su obligaci\u00f3n de guardarlos y adoptar todas las medidas para evitar la alteraci\u00f3n, p\u00e9rdida, tratamiento o acceso no autorizado, de conformidad con lo establecido en la normativa vigente de protecci\u00f3n de datos.<\/p>\n\n\n\n<p><span id=\"docs-internal-guid-0248f97d-7fff-1cbb-39d1-fb96bc50d05b\" style=\"font-size:11pt;font-family:Calibri,sans-serif;color:#000000;background-color:transparent;font-weight:400;font-style:normal;font-variant:normal;text-decoration:none;vertical-align:baseline;white-space:pre;white-space:pre-wrap;\">Estrella  <\/span>no puede garantizar la absoluta inexpugnabilidad de Internet ni, por tanto, la violaci\u00f3n de los datos mediante accesos fraudulentos a ellos por parte de terceros.<\/p>\n\n\n\n<p>Con respecto a la confidencialidad del procesamiento, Estrella se asegurar\u00e1 de que cualquier persona que est\u00e9 autorizada a procesar los datos del cliente (incluido su personal, colaboradores y prestadores), se encuentre bajo la debida obligaci\u00f3n de confidencialidad (ya sea un deber contractual o legal).<\/p>\n\n\n\n<p><strong>EXACTITUD Y VERACIDAD DE LOS DATOS<\/strong><\/p>\n\n\n\n<p>Las personas usuarias ser\u00e1n las responsables de la veracidad y correcci\u00f3n de los datos que me remitan y me exoneran de cualquier responsabilidad al respecto.<\/p>\n\n\n\n<p>Las personas usuarias garantizan y responden, en cualquier caso, de la exactitud, vigencia y autenticidad de los datos personales facilitados y se comprometen a mantenerlos debidamente actualizados.<\/p>\n\n\n\n<p><strong>CESI\u00d3N DE DATOS PERSONALES A TERCEROS<\/strong><\/p>\n\n\n\n<p>No se ceden datos de car\u00e1cter personal a terceros, salvo disposici\u00f3n legal. Tampoco se realizan transferencias internacionales de datos a terceros pa\u00edses.<br>Como encargados de tratamiento, tengo contratados a los siguientes proveedores de servicios, que se han comprometido al cumplimiento de las disposiciones normativas, de aplicaci\u00f3n en materia de protecci\u00f3n de datos, en el momento de su contrataci\u00f3n:<\/p>\n\n\n\n<ul class=\"wp-block-list\">\n<li>Organismos p\u00fablicos, Agencia Tributaria, jueces y tribunales y, en general, autoridades competentes, cuando Estrella tenga la obligaci\u00f3n legal de facilitarlos.<\/li>\n\n\n\n<li>Google LLC, con domicilio en 1600 Amphitheatre Parkway, 94043, Mountain View (California), Estados Unidos, que presta los servicios de GSuite, consistentes en servicios de computaci\u00f3n en la nube y de correo electr\u00f3nico. Se puede consultar la pol\u00edtica de privacidad y dem\u00e1s aspectos legales de dicha compa\u00f1\u00eda en el siguiente enlace: <a href=\"https:\/\/policies.google.com\/privacy\">https:\/\/policies.google.com\/privacy<\/a>.<\/li>\n<\/ul>\n\n\n\n<p><strong>CAMBIOS EN LA POL\u00cdTICA DE PRIVACIDAD<\/strong><\/p>\n\n\n\n<p>Estrella se reserva el derecho a modificar la presente pol\u00edtica para adaptarla a novedades legislativas o jurisprudenciales, as\u00ed como a pr\u00e1cticas de la industria. En dichos supuestos, anunciar\u00e1 en esta p\u00e1gina los cambios introducidos con razonable antelaci\u00f3n a su entrada en vigor.<\/p>\n\n\n\n<p><strong>INFORMACI\u00d3N ADICIONAL<\/strong><\/p>\n\n\n\n<p>Si necesita informaci\u00f3n adicional sobre protecci\u00f3n de datos, puede enviarme un correo electr\u00f3nico a investigatumente@gmail.com o una comunicaci\u00f3n dirigida a m\u00ed, Estrella ; en funci\u00f3n del tipo de relaci\u00f3n que tenga con mi entidad y del tratamiento de datos personales que realice, le facilitar\u00e9 la informaci\u00f3n adicional que corresponda.<\/p>\n\n\n\n<p>Puedo alterar la presente pol\u00edtica de privacidad para adaptarla a las modificaciones que se produzcan en la p\u00e1gina web, as\u00ed como por los cambios legislativos sobre datos personales que vayan apareciendo y afecten a dicha pol\u00edtica. Por ello, se exige su lectura cada vez que me facilite sus datos a trav\u00e9s de la p\u00e1gina web.<\/p>","protected":false},"excerpt":{"rendered":"<p>De conformidad con lo dispuesto en el Reglamento UE 2016\/679, del Parlamento Europeo y del Consejo del 27 de abril de 2016 (RGPD) y la Ley Org\u00e1nica 3\/2018, del 5 de diciembre, de Protecci\u00f3n de Datos Personales y garant\u00eda de los derechos digitales, Investiga tu mente S.L. le informa de que, mediante la aceptaci\u00f3n de&hellip;&nbsp;<a href=\"https:\/\/investigatumente.com\/gl\/politica-de-privacidad\/\" rel=\"bookmark\">Ler m\u00e1is &raquo;<span class=\"screen-reader-text\">POL\u00cdTICA DE PRIVACIDAD<\/span><\/a><\/p>","protected":false},"author":1,"featured_media":0,"parent":0,"menu_order":0,"comment_status":"closed","ping_status":"closed","template":"","meta":{"neve_meta_sidebar":"","neve_meta_container":"","neve_meta_enable_content_width":"","neve_meta_content_width":0,"neve_meta_title_alignment":"","neve_meta_author_avatar":"","neve_post_elements_order":"","neve_meta_disable_header":"","neve_meta_disable_footer":"","neve_meta_disable_title":"","_themeisle_gutenberg_block_has_review":false,"footnotes":""},"class_list":["post-319","page","type-page","status-publish","hentry"],"_links":{"self":[{"href":"https:\/\/investigatumente.com\/gl\/wp-json\/wp\/v2\/pages\/319","targetHints":{"allow":["GET"]}}],"collection":[{"href":"https:\/\/investigatumente.com\/gl\/wp-json\/wp\/v2\/pages"}],"about":[{"href":"https:\/\/investigatumente.com\/gl\/wp-json\/wp\/v2\/types\/page"}],"author":[{"embeddable":true,"href":"https:\/\/investigatumente.com\/gl\/wp-json\/wp\/v2\/users\/1"}],"replies":[{"embeddable":true,"href":"https:\/\/investigatumente.com\/gl\/wp-json\/wp\/v2\/comments?post=319"}],"version-history":[{"count":7,"href":"https:\/\/investigatumente.com\/gl\/wp-json\/wp\/v2\/pages\/319\/revisions"}],"predecessor-version":[{"id":1631,"href":"https:\/\/investigatumente.com\/gl\/wp-json\/wp\/v2\/pages\/319\/revisions\/1631"}],"wp:attachment":[{"href":"https:\/\/investigatumente.com\/gl\/wp-json\/wp\/v2\/media?parent=319"}],"curies":[{"name":"wp","href":"https:\/\/api.w.org\/{rel}","templated":true}]}}